{"id":588,"date":"2022-12-22T10:07:58","date_gmt":"2022-12-22T08:07:58","guid":{"rendered":"https:\/\/www.cab.lt\/home\/"},"modified":"2023-05-23T14:46:28","modified_gmt":"2023-05-23T11:46:28","slug":"home","status":"publish","type":"page","link":"https:\/\/www.cab.lt\/en\/","title":{"rendered":"Home"},"content":{"rendered":"\n    <div class=\"blck-banner\" style=\"background-image:url('https:\/\/www.cab.lt\/wp-content\/uploads\/2023\/05\/Pagrindine-nuotrauka1000-e1683805211518.jpg')\">\n        <div class=\"container\">\n            <div class=\"box\">\n                <form action=\"https:\/\/www.cab.lt\/en\/check-vehicle-insurance\/\" method=\"post\" class=\"form-check\">\n                                            <h1 class=\"t\">\n                            Insurance check                        <\/h1>\n                                                            <div class=\"row\">\n                        <label for=\"country\">Vehicle registration country<\/label>\n                        <select name=\"country\" id=\"country\" class=\"customA\">\n                                                        <option  value=\"IE\" data-code=\"IRL\" data-flag=\"https:\/\/www.cab.lt\/wp-content\/uploads\/2023\/04\/IRL-1-52x33.png\">ireland<\/option>\n                                                        <option  value=\"AL\" data-code=\"AL\" data-flag=\"https:\/\/www.cab.lt\/wp-content\/uploads\/2023\/04\/AL-52x37.png\">albania<\/option>\n                                                        <option  value=\"AD\" data-code=\"AND\" data-flag=\"https:\/\/www.cab.lt\/wp-content\/uploads\/2023\/04\/AND-52x36.png\">andorra<\/option>\n                                                        <option  value=\"AT\" data-code=\"A\" data-flag=\"https:\/\/www.cab.lt\/wp-content\/uploads\/2023\/04\/Austria_flag-52x52.png\">austria<\/option>\n                                                        <option  value=\"AZ\" data-code=\"AZ\" data-flag=\"https:\/\/www.cab.lt\/wp-content\/uploads\/2023\/04\/AZ-52x26.png\">azerbaijani republic<\/option>\n                                                        <option  value=\"BY\" data-code=\"BY\" data-flag=\"https:\/\/www.cab.lt\/wp-content\/uploads\/2023\/04\/BY-52x30.jpg\">belarus<\/option>\n                                                        <option  value=\"BE\" data-code=\"B\" data-flag=\"https:\/\/www.cab.lt\/wp-content\/uploads\/2023\/04\/B-52x33.png\">belgium<\/option>\n                                                        <option  value=\"BA\" data-code=\"BIH\" data-flag=\"https:\/\/www.cab.lt\/wp-content\/uploads\/2023\/04\/BOS-52x32.jpg\">bosnia and herzegovina<\/option>\n                                                        <option  value=\"BG\" data-code=\"BG\" data-flag=\"https:\/\/www.cab.lt\/wp-content\/uploads\/2023\/04\/BG-52x31.png\">bulgaria<\/option>\n                                                        <option  value=\"CZ\" data-code=\"CZ\" data-flag=\"https:\/\/www.cab.lt\/wp-content\/uploads\/2023\/04\/CZ-52x35.png\">czech rep.<\/option>\n                                                        <option  value=\"DK\" data-code=\"DK\" data-flag=\"https:\/\/www.cab.lt\/wp-content\/uploads\/2023\/04\/DK-52x33.png\">denmark<\/option>\n                                                        <option  value=\"EE\" data-code=\"EST\" data-flag=\"https:\/\/www.cab.lt\/wp-content\/uploads\/2023\/04\/EST-52x33.jpg\">estonia<\/option>\n                                                        <option  value=\"GR\" data-code=\"GR\" data-flag=\"https:\/\/www.cab.lt\/wp-content\/uploads\/2023\/04\/GR-52x35.png\">greece<\/option>\n                                                        <option  value=\"IR\" data-code=\"IR\" data-flag=\"https:\/\/www.cab.lt\/wp-content\/uploads\/2023\/04\/IRA-52x30.png\">iran<\/option>\n                                                        <option  value=\"IS\" data-code=\"IS\" data-flag=\"https:\/\/www.cab.lt\/wp-content\/uploads\/2023\/04\/IS-52x31.jpg\">iceland<\/option>\n                                                        <option  value=\"ES\" data-code=\"E\" data-flag=\"https:\/\/www.cab.lt\/wp-content\/uploads\/2023\/04\/E-52x35.png\">spain<\/option>\n                                                        <option  value=\"IT\" data-code=\"I\" data-flag=\"https:\/\/www.cab.lt\/wp-content\/uploads\/2023\/04\/IT-52x31.jpg\">italy<\/option>\n                                                        <option  value=\"GB\" data-code=\"UK\" data-flag=\"https:\/\/www.cab.lt\/wp-content\/uploads\/2023\/04\/UK-52x34.png\">united kingdom<\/option>\n                                                        <option  value=\"ME\" data-code=\"MNE\" data-flag=\"https:\/\/www.cab.lt\/wp-content\/uploads\/2023\/04\/MN-52x39.png\">montenegro<\/option>\n                                                        <option  value=\"CY\" data-code=\"CY\" data-flag=\"https:\/\/www.cab.lt\/wp-content\/uploads\/2023\/04\/CY-52x35.png\">cyprus<\/option>\n                                                        <option  value=\"HR\" data-code=\"HR\" data-flag=\"https:\/\/www.cab.lt\/wp-content\/uploads\/2023\/04\/CR-52x35.png\">croatia<\/option>\n                                                        <option  value=\"LV\" data-code=\"LV\" data-flag=\"https:\/\/www.cab.lt\/wp-content\/uploads\/2023\/01\/flag_lv.svg\">latvia<\/option>\n                                                        <option  value=\"PL\" data-code=\"PL\" data-flag=\"https:\/\/www.cab.lt\/wp-content\/uploads\/2024\/04\/PL-52x32.png\">poland<\/option>\n                                                        <option  value=\"LI\" data-code=\"FL\" data-flag=\"https:\/\/www.cab.lt\/wp-content\/uploads\/2023\/04\/LI-52x31.png\">liechtenstein<\/option>\n                                                        <option selected=\"selected\" value=\"LT\" data-code=\"LT\" data-flag=\"https:\/\/www.cab.lt\/wp-content\/uploads\/2023\/01\/flag_lt.svg\">lithuania<\/option>\n                                                        <option  value=\"LU\" data-code=\"L\" data-flag=\"https:\/\/www.cab.lt\/wp-content\/uploads\/2023\/04\/LUX-52x31.png\">luxembourg<\/option>\n                                                        <option  value=\"MT\" data-code=\"M\" data-flag=\"https:\/\/www.cab.lt\/wp-content\/uploads\/2023\/04\/M-52x35.jpg\">malta<\/option>\n                                                        <option  value=\"MA\" data-code=\"MA\" data-flag=\"https:\/\/www.cab.lt\/wp-content\/uploads\/2023\/04\/MA-52x35.png\">morocco<\/option>\n                                                        <option  value=\"MD\" data-code=\"MD\" data-flag=\"https:\/\/www.cab.lt\/wp-content\/uploads\/2023\/04\/ML-52x26.png\">moldova<\/option>\n                                                        <option  value=\"MC\" data-code=\"MC\" data-flag=\"https:\/\/www.cab.lt\/wp-content\/uploads\/2023\/04\/MON-1-52x42.png\">principality of monaco<\/option>\n                                                        <option  value=\"NL\" data-code=\"NL\" data-flag=\"https:\/\/www.cab.lt\/wp-content\/uploads\/2023\/01\/flag_nld.svg\">netherlands<\/option>\n                                                        <option  value=\"NO\" data-code=\"N\" data-flag=\"https:\/\/www.cab.lt\/wp-content\/uploads\/2023\/04\/N-52x32.png\">norway<\/option>\n                                                        <option  value=\"PT\" data-code=\"P\" data-flag=\"https:\/\/www.cab.lt\/wp-content\/uploads\/2023\/04\/PT-52x35.png\">portugal<\/option>\n                                                        <option  value=\"FR\" data-code=\"F\" data-flag=\"https:\/\/www.cab.lt\/wp-content\/uploads\/2023\/04\/F-52x34.jpg\">france<\/option>\n                                                        <option  value=\"RO\" data-code=\"RO\" data-flag=\"https:\/\/www.cab.lt\/wp-content\/uploads\/2023\/04\/ROM-52x35.jpg\">romania<\/option>\n                                                        <option  value=\"RU\" data-code=\"RUS\" data-flag=\"https:\/\/www.cab.lt\/wp-content\/uploads\/2023\/04\/RU-52x35.png\">russia<\/option>\n                                                        <option  value=\"RS\" data-code=\"SRB\" data-flag=\"https:\/\/www.cab.lt\/wp-content\/uploads\/2023\/04\/SRB-52x35.png\">serbia<\/option>\n                                                        <option  value=\"SK\" data-code=\"SK\" data-flag=\"https:\/\/www.cab.lt\/wp-content\/uploads\/2023\/04\/SK-52x35.png\">slovakia<\/option>\n                                                        <option  value=\"SI\" data-code=\"SLO\" data-flag=\"https:\/\/www.cab.lt\/wp-content\/uploads\/2023\/04\/SLO-52x29.png\">slovenia<\/option>\n                                                        <option  value=\"FI\" data-code=\"FIN\" data-flag=\"https:\/\/www.cab.lt\/wp-content\/uploads\/2023\/04\/FIN-52x32.png\">finland<\/option>\n                                                        <option  value=\"MK\" data-code=\"MK\" data-flag=\"https:\/\/www.cab.lt\/wp-content\/uploads\/2023\/04\/MAC-52x31.png\">north macedonia<\/option>\n                                                        <option  value=\"SE\" data-code=\"S\" data-flag=\"https:\/\/www.cab.lt\/wp-content\/uploads\/2023\/04\/S-1-52x34.jpg\">sweden<\/option>\n                                                        <option  value=\"CH\" data-code=\"CH\" data-flag=\"https:\/\/www.cab.lt\/wp-content\/uploads\/2023\/04\/CH-52x52.png\">switzerland<\/option>\n                                                        <option  value=\"TN\" data-code=\"TN\" data-flag=\"https:\/\/www.cab.lt\/wp-content\/uploads\/2023\/04\/TN-52x35.png\">tunisia<\/option>\n                                                        <option  value=\"TR\" data-code=\"TR\" data-flag=\"https:\/\/www.cab.lt\/wp-content\/uploads\/2023\/04\/TK-52x35.png\">turkey<\/option>\n                                                        <option  value=\"UA\" data-code=\"UA\" data-flag=\"https:\/\/www.cab.lt\/wp-content\/uploads\/2023\/04\/UA-52x33.jpg\">ukraine<\/option>\n                                                        <option  value=\"HU\" data-code=\"H\" data-flag=\"https:\/\/www.cab.lt\/wp-content\/uploads\/2023\/04\/H-52x31.jpg\">hungary<\/option>\n                                                        <option  value=\"DE\" data-code=\"D\" data-flag=\"https:\/\/www.cab.lt\/wp-content\/uploads\/2023\/04\/D-52x31.png\">germany<\/option>\n                                                    <\/select>\n                    <\/div>\n                    <div class=\"footer\">\n                        <div class=\"row\">\n                            <label for=\"plate\">Vehicle registration number<\/label>\n                            <input id=\"plate\" type=\"text\" maxlength=\"10\" name=\"plate\" pattern=\"[a-zA-Z0-9-_ ]+\" required autocomplete=\"off\">\n                        <\/div>\n                        <button type=\"submit\" class=\"b-B\">Next<img decoding=\"async\" src=\"https:\/\/www.cab.lt\/wp-content\/themes\/blank\/assets\/images\/arrow_right_long_white.svg\" alt=\"icon\"><\/button>\n                    <\/div>\n                <\/form>\n            <\/div>\n        <\/div>\n    <\/div>\n<div class=\"container\">\n\n<\/div>\n    <div class=\"blck-menu-list\">\n        <div class=\"container\">\n                        <div class=\"grid\">\n                                <div class=\"box\">\n                                                            <div class=\"title\" role=\"heading\" aria-level=\"2\">\n                        The Green Card System                    <\/div>\n                    <div class=\"list\">\n                                                    <a href=\"https:\/\/www.cab.lt\/en\/the-green-card-system\/\" class=\"t\">\n                                <span class=\"arrow\">\n                                                                            <img decoding=\"async\" src=\"https:\/\/www.cab.lt\/wp-content\/themes\/blank\/assets\/images\/arrow_right_blue.svg\" alt=\"arrow\">\n                                                                    <\/span>\n                                <span>The Green Card System is a protection mechanism for victims of cross-border road traffic accidents. Lithuania\u00a0is one of the country of the\u00a0Green Card System and\u00a0is represented by Motor Insurers&#8217; Bureau of the Republic of Lithuania.<\/span>\n                            <\/a>\n                                            <\/div>\n                                    <\/div>\n                                <div class=\"box\">\n                                                            <div class=\"title\" role=\"heading\" aria-level=\"2\">\n                        Information for Ukrainian drivers                    <\/div>\n                    <div class=\"list\">\n                                                    <a href=\"https:\/\/www.cab.lt\/en\/information-for-ukrainian-drivers\/\" class=\"t\">\n                                <span class=\"arrow\">\n                                                                        <img decoding=\"async\" src=\"https:\/\/www.cab.lt\/wp-content\/themes\/blank\/assets\/images\/arrow_right_blue_light.svg\" alt=\"arrow\">\n                                                                    <\/span>\n                                <span>Motor third party liability insurance is mandatory in Lithuania. These are the main things that are worth to know in order to avoid additional difficulties.<\/span>\n                            <\/a>\n                                            <\/div>\n                                    <\/div>\n                                <div class=\"box\">\n                                                            <div class=\"title\" role=\"heading\" aria-level=\"2\">\n                        Changes realated to the validity of Green Cards                    <\/div>\n                    <div class=\"list\">\n                                                    <a href=\"https:\/\/www.cab.lt\/en\/regarding-the-validity-of-russian-and-belarusian-green-cards-in-lithuania-commencing-june-2023\/\" class=\"t\">\n                                <span class=\"arrow\">\n                                                                            <img decoding=\"async\" src=\"https:\/\/www.cab.lt\/wp-content\/themes\/blank\/assets\/images\/arrow_right_blue.svg\" alt=\"arrow\">\n                                                                    <\/span>\n                                <span>Regarding the validity of Russian and Belarusian Green Cards in Lithuania commencing June 2023<\/span>\n                            <\/a>\n                                            <\/div>\n                                    <\/div>\n                            <\/div>\n                    <\/div>\n    <\/div>\n<div class=\"container\">\n\n<\/div>\n    <div class=\"blck-menu\">\n                    <div class=\"bg\" style=\"background-image: url('https:\/\/www.cab.lt\/wp-content\/uploads\/2023\/05\/shutterstock_1378105646-mazas.jpg')\"><\/div>\n                <div class=\"container\">\n            <nav class=\"menu-footer-container\"><ul id=\"footer-menu\" class=\"menu\"><li id=\"menu-item-171\" class=\"menu-item menu-item-type-post_type menu-item-object-page menu-item-171\"><a href=\"https:\/\/www.cab.lt\/vykstantiems-i-uzsieni\/\"><span class=\"inline-img\"><img decoding=\"async\" alt=\"Ikona  VYKSTANTIEMS \u012e U\u017dSIEN\u012e\" class=\"style-svg\" src=\"https:\/\/www.cab.lt\/wp-content\/uploads\/2022\/12\/portfolio.svg\" \/><\/span> VYKSTANTIEMS \u012e U\u017dSIEN\u012e<\/a><\/li>\n<li id=\"menu-item-172\" class=\"menu-item menu-item-type-post_type menu-item-object-page menu-item-172\"><a href=\"https:\/\/www.cab.lt\/patekusiems-i-eismo-ivyki\/\"><span class=\"inline-img\"><img decoding=\"async\" alt=\"Ikona  PATEKUSIEMS \u012e EISMO \u012eVYK\u012e\" class=\"style-svg\" src=\"https:\/\/www.cab.lt\/wp-content\/uploads\/2022\/12\/ivykis.svg\" \/><\/span> PATEKUSIEMS \u012e EISMO \u012eVYK\u012e<\/a><\/li>\n<li id=\"menu-item-170\" class=\"menu-item menu-item-type-post_type menu-item-object-page menu-item-170\"><a href=\"https:\/\/www.cab.lt\/dar-neapsidraudusiems\/\"><span class=\"inline-img\"><img decoding=\"async\" alt=\"Ikona  DAR NEAPSIDRAUDUSIEMS\" class=\"style-svg\" src=\"https:\/\/www.cab.lt\/wp-content\/uploads\/2022\/12\/neapsidraude.svg\" \/><\/span> DAR NEAPSIDRAUDUSIEMS<\/a><\/li>\n<li id=\"menu-item-169\" class=\"menu-item menu-item-type-post_type menu-item-object-page menu-item-169\"><a href=\"https:\/\/www.cab.lt\/gavusiems-pretenzija\/\"><span class=\"inline-img\"><img decoding=\"async\" alt=\"Ikona  GAVUSIEMS PRETENZIJ\u0104\" class=\"style-svg\" src=\"https:\/\/www.cab.lt\/wp-content\/uploads\/2022\/12\/pretenzija.svg\" \/><\/span> GAVUSIEMS PRETENZIJ\u0104<\/a><\/li>\n<li id=\"menu-item-168\" class=\"menu-item menu-item-type-post_type menu-item-object-page menu-item-168\"><a href=\"https:\/\/www.cab.lt\/besidomintiems-draudimo-kaina\/\"><span class=\"inline-img\"><img decoding=\"async\" alt=\"Ikona  BESIDOMINTIEMS DRAUDIMO KAINA\" class=\"style-svg\" src=\"https:\/\/www.cab.lt\/wp-content\/uploads\/2022\/12\/kaina.svg\" \/><\/span> BESIDOMINTIEMS DRAUDIMO KAINA<\/a><\/li>\n<li id=\"menu-item-1049\" class=\"menu-item menu-item-type-post_type menu-item-object-page menu-item-1049\"><a href=\"https:\/\/www.cab.lt\/privatumo-politika\/\"><span class=\"inline-img\"><img decoding=\"async\" alt=\"Ikona  PRIVATUMO POLITIKA\" class=\"style-svg\" src=\"https:\/\/www.cab.lt\/wp-content\/uploads\/2022\/12\/privacy.svg\" \/><\/span> PRIVATUMO POLITIKA<\/a><\/li>\n<\/ul><\/nav>        <\/div>\n    <\/div>\n","protected":false},"excerpt":{"rendered":"","protected":false},"author":1,"featured_media":0,"parent":0,"menu_order":0,"comment_status":"closed","ping_status":"closed","template":"","meta":{"_acf_changed":false,"footnotes":""},"class_list":["post-588","page","type-page","status-publish","hentry"],"acf":[],"yoast_head":"<!-- This site is optimized with the Yoast SEO plugin v26.4 - https:\/\/yoast.com\/wordpress\/plugins\/seo\/ -->\n<title>Home - CAB<\/title>\n<meta name=\"robots\" content=\"index, follow, max-snippet:-1, max-image-preview:large, max-video-preview:-1\" \/>\n<link rel=\"canonical\" href=\"https:\/\/www.cab.lt\/en\/\" \/>\n<meta property=\"og:locale\" content=\"en_US\" \/>\n<meta property=\"og:type\" content=\"article\" \/>\n<meta property=\"og:title\" content=\"Home - CAB\" \/>\n<meta property=\"og:url\" content=\"https:\/\/www.cab.lt\/en\/\" \/>\n<meta property=\"og:site_name\" content=\"CAB\" \/>\n<meta property=\"article:modified_time\" content=\"2023-05-23T11:46:28+00:00\" \/>\n<meta name=\"twitter:card\" content=\"summary_large_image\" \/>\n<script type=\"application\/ld+json\" class=\"yoast-schema-graph\">{\"@context\":\"https:\/\/schema.org\",\"@graph\":[{\"@type\":\"WebPage\",\"@id\":\"https:\/\/www.cab.lt\/en\/\",\"url\":\"https:\/\/www.cab.lt\/en\/\",\"name\":\"Home - CAB\",\"isPartOf\":{\"@id\":\"https:\/\/www.cab.lt\/#website\"},\"datePublished\":\"2022-12-22T08:07:58+00:00\",\"dateModified\":\"2023-05-23T11:46:28+00:00\",\"inLanguage\":\"en-US\",\"potentialAction\":[{\"@type\":\"ReadAction\",\"target\":[\"https:\/\/www.cab.lt\/en\/\"]}]},{\"@type\":\"WebSite\",\"@id\":\"https:\/\/www.cab.lt\/#website\",\"url\":\"https:\/\/www.cab.lt\/\",\"name\":\"CAB\",\"description\":\"Lietuvos respublikos transporto priemoni\u0173 draudik\u0173 biuras\",\"potentialAction\":[{\"@type\":\"SearchAction\",\"target\":{\"@type\":\"EntryPoint\",\"urlTemplate\":\"https:\/\/www.cab.lt\/?s={search_term_string}\"},\"query-input\":{\"@type\":\"PropertyValueSpecification\",\"valueRequired\":true,\"valueName\":\"search_term_string\"}}],\"inLanguage\":\"en-US\"}]}<\/script>\n<!-- \/ Yoast SEO plugin. -->","yoast_head_json":{"title":"Home - CAB","robots":{"index":"index","follow":"follow","max-snippet":"max-snippet:-1","max-image-preview":"max-image-preview:large","max-video-preview":"max-video-preview:-1"},"canonical":"https:\/\/www.cab.lt\/en\/","og_locale":"en_US","og_type":"article","og_title":"Home - CAB","og_url":"https:\/\/www.cab.lt\/en\/","og_site_name":"CAB","article_modified_time":"2023-05-23T11:46:28+00:00","twitter_card":"summary_large_image","schema":{"@context":"https:\/\/schema.org","@graph":[{"@type":"WebPage","@id":"https:\/\/www.cab.lt\/en\/","url":"https:\/\/www.cab.lt\/en\/","name":"Home - CAB","isPartOf":{"@id":"https:\/\/www.cab.lt\/#website"},"datePublished":"2022-12-22T08:07:58+00:00","dateModified":"2023-05-23T11:46:28+00:00","inLanguage":"en-US","potentialAction":[{"@type":"ReadAction","target":["https:\/\/www.cab.lt\/en\/"]}]},{"@type":"WebSite","@id":"https:\/\/www.cab.lt\/#website","url":"https:\/\/www.cab.lt\/","name":"CAB","description":"Lietuvos respublikos transporto priemoni\u0173 draudik\u0173 biuras","potentialAction":[{"@type":"SearchAction","target":{"@type":"EntryPoint","urlTemplate":"https:\/\/www.cab.lt\/?s={search_term_string}"},"query-input":{"@type":"PropertyValueSpecification","valueRequired":true,"valueName":"search_term_string"}}],"inLanguage":"en-US"}]}},"_links":{"self":[{"href":"https:\/\/www.cab.lt\/en\/wp-json\/wp\/v2\/pages\/588","targetHints":{"allow":["GET"]}}],"collection":[{"href":"https:\/\/www.cab.lt\/en\/wp-json\/wp\/v2\/pages"}],"about":[{"href":"https:\/\/www.cab.lt\/en\/wp-json\/wp\/v2\/types\/page"}],"author":[{"embeddable":true,"href":"https:\/\/www.cab.lt\/en\/wp-json\/wp\/v2\/users\/1"}],"replies":[{"embeddable":true,"href":"https:\/\/www.cab.lt\/en\/wp-json\/wp\/v2\/comments?post=588"}],"version-history":[{"count":52,"href":"https:\/\/www.cab.lt\/en\/wp-json\/wp\/v2\/pages\/588\/revisions"}],"predecessor-version":[{"id":1847,"href":"https:\/\/www.cab.lt\/en\/wp-json\/wp\/v2\/pages\/588\/revisions\/1847"}],"wp:attachment":[{"href":"https:\/\/www.cab.lt\/en\/wp-json\/wp\/v2\/media?parent=588"}],"curies":[{"name":"wp","href":"https:\/\/api.w.org\/{rel}","templated":true}]}}